{"id":2054,"date":"2020-08-24T18:52:16","date_gmt":"2020-08-24T16:52:16","guid":{"rendered":"https:\/\/cityresidence.sk\/?page_id=2054"},"modified":"2020-09-11T09:10:10","modified_gmt":"2020-09-11T07:10:10","slug":"online-check-in","status":"publish","type":"page","link":"https:\/\/cityresidence.sk\/en\/online-checkin\/","title":{"rendered":"Online check-in"},"content":{"rendered":"<p>[vc_row][vc_column][vc_empty_space height=&#8221;70px&#8221;][vc_column_text]<div class=\"frm_forms  with_frm_style frm_style_formidable-style\" id=\"frm_form_3_container\" >\n<form enctype=\"multipart\/form-data\" method=\"post\" class=\"frm-show-form \" id=\"form_objednvkovformulr-sk90dadff77c\" >\n<div class=\"frm_form_fields \">\n<fieldset>\n<legend class=\"frm_screen_reader\">Objedn\u00e1vkov\u00fd formul\u00e1r - EN<\/legend>\r\n\r\n<div class=\"frm_fields_container\">\n<input type=\"hidden\" name=\"frm_action\" value=\"create\" \/>\n<input type=\"hidden\" name=\"form_id\" value=\"3\" \/>\n<input type=\"hidden\" name=\"frm_hide_fields_3\" id=\"frm_hide_fields_3\" value=\"\" \/>\n<input type=\"hidden\" name=\"form_key\" value=\"objednvkovformulr-sk90dadff77c\" \/>\n<input type=\"hidden\" name=\"item_meta[0]\" value=\"\" \/>\n<input type=\"hidden\" id=\"frm_submit_entry_3\" name=\"frm_submit_entry_3\" value=\"1fbe80fd32\" \/><input type=\"hidden\" name=\"_wp_http_referer\" value=\"\/en\/wp-json\/wp\/v2\/pages\/2054\" \/><div id=\"frm_field_17_container\" class=\"frm_form_field form-field  frm_required_field frm_top_container\">\r\n    <label for=\"field_pmyal397010b3e6\" id=\"field_pmyal397010b3e6_label\" class=\"frm_primary_label\">Name:\r\n        <span class=\"frm_required\">*<\/span>\r\n    <\/label>\r\n    <input type=\"text\" id=\"field_pmyal397010b3e6\" name=\"item_meta[17]\" value=\"\"  data-reqmsg=\"Name: cannot be blank.\" aria-required=\"true\" data-invmsg=\"Text is invalid\" aria-invalid=\"false\"  \/>\r\n    \r\n    \r\n<\/div>\n<div id=\"frm_field_18_container\" class=\"frm_form_field form-field  frm_required_field frm_top_container\">\r\n    <label for=\"field_tph2n1c5551f0a8\" id=\"field_tph2n1c5551f0a8_label\" class=\"frm_primary_label\">Surname:\r\n        <span class=\"frm_required\">*<\/span>\r\n    <\/label>\r\n    <input type=\"text\" id=\"field_tph2n1c5551f0a8\" name=\"item_meta[18]\" value=\"\"  data-reqmsg=\"Surname: cannot be blank.\" aria-required=\"true\" data-invmsg=\"Text is invalid\" aria-invalid=\"false\"  \/>\r\n    \r\n    \r\n<\/div>\n<div id=\"frm_field_19_container\" class=\"frm_form_field form-field  frm_required_field frm_top_container\">\r\n    <label for=\"field_jb4m\" id=\"field_jb4m_label\" class=\"frm_primary_label\">Date of stay:\r\n        <span class=\"frm_required\">*<\/span>\r\n    <\/label>\r\n    <input type=\"text\" id=\"field_jb4m\" name=\"item_meta[19]\" value=\"\"  data-reqmsg=\"Date of stay: cannot be blank.\" aria-required=\"true\" data-invmsg=\"Text is invalid\" aria-invalid=\"false\"  \/>\r\n    \r\n    \r\n<\/div>\n<div id=\"frm_field_20_container\" class=\"frm_form_field form-field  frm_required_field frm_top_container\">\r\n    <label for=\"field_4a66k131c2ffe01\" id=\"field_4a66k131c2ffe01_label\" class=\"frm_primary_label\">Date of birth:\r\n        <span class=\"frm_required\">*<\/span>\r\n    <\/label>\r\n    <input type=\"text\" id=\"field_4a66k131c2ffe01\" name=\"item_meta[20]\" value=\"\"  data-reqmsg=\"Date of birth: cannot be blank.\" aria-required=\"true\" data-invmsg=\"Text is invalid\" aria-invalid=\"false\"  \/>\r\n    \r\n    \r\n<\/div>\n<div id=\"frm_field_21_container\" class=\"frm_form_field form-field  frm_top_container vertical_radio\">\r\n    <div  id=\"field_xxz3b6b061d8a76_label\" class=\"frm_primary_label\">Identity document:\r\n        <span class=\"frm_required\"><\/span>\r\n    <\/div>\r\n    <div class=\"frm_opt_container\" aria-labelledby=\"field_xxz3b6b061d8a76_label\" role=\"group\">\t\t<div class=\"frm_checkbox\" id=\"frm_checkbox_21-0\">\t\t\t<label  for=\"field_xxz3b6b061d8a76-0\">\n\t\t\t<input type=\"checkbox\" name=\"item_meta[21][]\" id=\"field_xxz3b6b061d8a76-0\" value=\"ID\"  data-invmsg=\"Identity document: is invalid\" aria-invalid=\"false\"   \/> ID<\/label><\/div>\n\t\t<div class=\"frm_checkbox\" id=\"frm_checkbox_21-1\">\t\t\t<label  for=\"field_xxz3b6b061d8a76-1\">\n\t\t\t<input type=\"checkbox\" name=\"item_meta[21][]\" id=\"field_xxz3b6b061d8a76-1\" value=\"Passport\"  data-invmsg=\"Identity document: is invalid\" aria-invalid=\"false\"   \/> Passport<\/label><\/div>\n<\/div>\r\n    \r\n    \r\n<\/div>\n<div id=\"frm_field_22_container\" class=\"frm_form_field form-field  frm_required_field frm_top_container\">\r\n    <label for=\"field_m9pq66758d2bbdd\" id=\"field_m9pq66758d2bbdd_label\" class=\"frm_primary_label\">Number of ID \/ Passport:\r\n        <span class=\"frm_required\">*<\/span>\r\n    <\/label>\r\n    <input type=\"text\" id=\"field_m9pq66758d2bbdd\" name=\"item_meta[22]\" value=\"\"  data-reqmsg=\"Number of ID \/ Passport: cannot be blank.\" aria-required=\"true\" data-invmsg=\"Text is invalid\" aria-invalid=\"false\"  \/>\r\n    \r\n    \r\n<\/div>\n<div id=\"frm_field_23_container\" class=\"frm_form_field form-field  frm_required_field frm_top_container\">\r\n    <label for=\"field_jlzfk0a714075bc\" id=\"field_jlzfk0a714075bc_label\" class=\"frm_primary_label\">Email:\r\n        <span class=\"frm_required\">*<\/span>\r\n    <\/label>\r\n    <input type=\"text\" id=\"field_jlzfk0a714075bc\" name=\"item_meta[23]\" value=\"\"  data-reqmsg=\"Email: cannot be blank.\" aria-required=\"true\" data-invmsg=\"Text is invalid\" aria-invalid=\"false\"  \/>\r\n    \r\n    \r\n<\/div>\n<div id=\"frm_field_24_container\" class=\"frm_form_field form-field  frm_required_field frm_top_container\">\r\n    <label for=\"field_6pff195bd934e8e\" id=\"field_6pff195bd934e8e_label\" class=\"frm_primary_label\">Telephone:\r\n        <span class=\"frm_required\">*<\/span>\r\n    <\/label>\r\n    <input type=\"text\" id=\"field_6pff195bd934e8e\" name=\"item_meta[24]\" value=\"\"  data-reqmsg=\"Telephone: cannot be blank.\" aria-required=\"true\" data-invmsg=\"Text is invalid\" aria-invalid=\"false\"  \/>\r\n    \r\n    \r\n<\/div>\n<div id=\"frm_field_33_container\" class=\"frm_form_field form-field  frm_required_field frm_top_container\">\r\n    <label for=\"field_hlgup\" id=\"field_hlgup_label\" class=\"frm_primary_label\">Address:\r\n        <span class=\"frm_required\">*<\/span>\r\n    <\/label>\r\n    <input type=\"text\" id=\"field_hlgup\" name=\"item_meta[33]\" value=\"\"  data-reqmsg=\"Address: cannot be blank.\" aria-required=\"true\" data-invmsg=\"Text is invalid\" aria-invalid=\"false\"  \/>\r\n    \r\n    \r\n<\/div>\n<div id=\"frm_field_25_container\" class=\"frm_form_field form-field  frm_top_container\">\r\n    <label for=\"field_6ntygf813b080c5\" id=\"field_6ntygf813b080c5_label\" class=\"frm_primary_label\">Billing information - Company name\r\n        <span class=\"frm_required\"><\/span>\r\n    <\/label>\r\n    <input type=\"text\" id=\"field_6ntygf813b080c5\" name=\"item_meta[25]\" value=\"\"  data-invmsg=\"Text is invalid\" aria-invalid=\"false\"  \/>\r\n    \r\n    \r\n<\/div>\n<div id=\"frm_field_26_container\" class=\"frm_form_field form-field  frm_top_container\">\r\n    <label for=\"field_bw3tn096ed6dd5f\" id=\"field_bw3tn096ed6dd5f_label\" class=\"frm_primary_label\">Billing information - VAT:\r\n        <span class=\"frm_required\"><\/span>\r\n    <\/label>\r\n    <input type=\"text\" id=\"field_bw3tn096ed6dd5f\" name=\"item_meta[26]\" value=\"\"  data-invmsg=\"Text is invalid\" aria-invalid=\"false\"  \/>\r\n    \r\n    \r\n<\/div>\n<div id=\"frm_field_27_container\" class=\"frm_form_field form-field  frm_top_container\">\r\n    <label for=\"field_xz4ng4a522661ce\" id=\"field_xz4ng4a522661ce_label\" class=\"frm_primary_label\">Billing information - company address:\r\n        <span class=\"frm_required\"><\/span>\r\n    <\/label>\r\n    <input type=\"text\" id=\"field_xz4ng4a522661ce\" name=\"item_meta[27]\" value=\"\"  data-invmsg=\"Text is invalid\" aria-invalid=\"false\"  \/>\r\n    \r\n    \r\n<\/div>\n<div id=\"frm_field_31_container\" class=\"frm_form_field form-field  frm_none_container\">\n    <label for=\"g-recaptcha-response\" id=\"field_73lpl_label\" class=\"frm_primary_label\">reCAPTCHA\n        <span class=\"frm_required\"><\/span>\n    <\/label>\n    <div  id=\"field_73lpl\" class=\"frm-g-recaptcha\" data-sitekey=\"6LcUfuIZAAAAAO0r-a2P2algXjGf4yf2yrZEipQh\" data-size=\"normal\" data-theme=\"light\"><\/div>\n    \n    \n<\/div>\n<div id=\"frm_field_35_container\" class=\"frm_form_field form-field \">\n\t<div class=\"frm_submit\">\r\n\r\n<button class=\"frm_button_submit\" type=\"submit\"  >SEND<\/button>\r\n\r\n<\/div>\n<\/div>\n\t<input type=\"hidden\" name=\"item_key\" value=\"\" \/>\n\t\t\t<div id=\"frm_field_37_container\">\n\t\t\t<label for=\"field_bp452\" >\n\t\t\t\tIf you are human, leave this field blank.\t\t\t<\/label>\n\t\t\t<input  id=\"field_bp452\" type=\"text\" class=\"frm_form_field form-field frm_verify\" name=\"item_meta[37]\" value=\"\"  \/>\n\t\t<\/div>\n\t\t<input name=\"frm_state\" type=\"hidden\" value=\"Gl5qBKRJ\/8VYa4h+p64gssHAhtpBwX6JKw1hJ86XUA8=\" \/><\/div>\n<\/fieldset>\n<\/div>\n\n<\/form>\n<\/div>\n[\/vc_column_text][vc_column_text]* By submitting the form, you agree to the processing of your <a href=\"https:\/\/cityresidence.sk\/ochrana-sukromia\/\">personal data.<\/a>[\/vc_column_text][vc_empty_space height=&#8221;70px&#8221;][\/vc_column][\/vc_row]<\/p>\n","protected":false},"excerpt":{"rendered":"<p>[vc_row][vc_column][vc_empty_space height=&#8221;70px&#8221;][vc_column_text][\/vc_column_text][vc_column_text]* By submitting the form, you agree to the processing of your personal data.[\/vc_column_text][vc_empty_space height=&#8221;70px&#8221;][\/vc_column][\/vc_row]<\/p>\n","protected":false},"author":1,"featured_media":0,"parent":0,"menu_order":0,"comment_status":"closed","ping_status":"closed","template":"","meta":{"footnotes":""},"class_list":["post-2054","page","type-page","status-publish","hentry"],"yoast_head":"<!-- This site is optimized with the Yoast SEO plugin v25.7 - https:\/\/yoast.com\/wordpress\/plugins\/seo\/ -->\n<title>Online check-in - CITY RESIDENCE<\/title>\n<meta name=\"robots\" content=\"index, follow, max-snippet:-1, max-image-preview:large, max-video-preview:-1\" \/>\n<link rel=\"canonical\" href=\"https:\/\/cityresidence.sk\/en\/online-checkin\/\" \/>\n<meta property=\"og:locale\" content=\"en_US\" \/>\n<meta property=\"og:type\" content=\"article\" \/>\n<meta property=\"og:title\" content=\"Online check-in - CITY RESIDENCE\" \/>\n<meta property=\"og:description\" content=\"[vc_row][vc_column][vc_empty_space height=&#8221;70px&#8221;][vc_column_text][\/vc_column_text][vc_column_text]* By submitting the form, you agree to the processing of your personal data.[\/vc_column_text][vc_empty_space height=&#8221;70px&#8221;][\/vc_column][\/vc_row]\" \/>\n<meta property=\"og:url\" content=\"https:\/\/cityresidence.sk\/en\/online-checkin\/\" \/>\n<meta property=\"og:site_name\" content=\"CITY RESIDENCE\" \/>\n<meta property=\"article:modified_time\" content=\"2020-09-11T07:10:10+00:00\" \/>\n<meta name=\"twitter:card\" content=\"summary_large_image\" \/>\n<script type=\"application\/ld+json\" class=\"yoast-schema-graph\">{\"@context\":\"https:\/\/schema.org\",\"@graph\":[{\"@type\":\"WebPage\",\"@id\":\"https:\/\/cityresidence.sk\/en\/online-checkin\/\",\"url\":\"https:\/\/cityresidence.sk\/en\/online-checkin\/\",\"name\":\"Online check-in - CITY RESIDENCE\",\"isPartOf\":{\"@id\":\"https:\/\/cityresidence.sk\/en\/#website\"},\"datePublished\":\"2020-08-24T16:52:16+00:00\",\"dateModified\":\"2020-09-11T07:10:10+00:00\",\"breadcrumb\":{\"@id\":\"https:\/\/cityresidence.sk\/en\/online-checkin\/#breadcrumb\"},\"inLanguage\":\"en-US\",\"potentialAction\":[{\"@type\":\"ReadAction\",\"target\":[\"https:\/\/cityresidence.sk\/en\/online-checkin\/\"]}]},{\"@type\":\"BreadcrumbList\",\"@id\":\"https:\/\/cityresidence.sk\/en\/online-checkin\/#breadcrumb\",\"itemListElement\":[{\"@type\":\"ListItem\",\"position\":1,\"name\":\"Domovsk\u00e1 str\u00e1nka\",\"item\":\"https:\/\/cityresidence.sk\/en\/\"},{\"@type\":\"ListItem\",\"position\":2,\"name\":\"Online check-in\"}]},{\"@type\":\"WebSite\",\"@id\":\"https:\/\/cityresidence.sk\/en\/#website\",\"url\":\"https:\/\/cityresidence.sk\/en\/\",\"name\":\"CITY RESIDENCE\",\"description\":\"APARTMENT HOTEL KO\u0160ICE\",\"potentialAction\":[{\"@type\":\"SearchAction\",\"target\":{\"@type\":\"EntryPoint\",\"urlTemplate\":\"https:\/\/cityresidence.sk\/en\/?s={search_term_string}\"},\"query-input\":{\"@type\":\"PropertyValueSpecification\",\"valueRequired\":true,\"valueName\":\"search_term_string\"}}],\"inLanguage\":\"en-US\"}]}<\/script>\n<!-- \/ Yoast SEO plugin. -->","yoast_head_json":{"title":"Online check-in - CITY RESIDENCE","robots":{"index":"index","follow":"follow","max-snippet":"max-snippet:-1","max-image-preview":"max-image-preview:large","max-video-preview":"max-video-preview:-1"},"canonical":"https:\/\/cityresidence.sk\/en\/online-checkin\/","og_locale":"en_US","og_type":"article","og_title":"Online check-in - CITY RESIDENCE","og_description":"[vc_row][vc_column][vc_empty_space height=&#8221;70px&#8221;][vc_column_text][\/vc_column_text][vc_column_text]* By submitting the form, you agree to the processing of your personal data.[\/vc_column_text][vc_empty_space height=&#8221;70px&#8221;][\/vc_column][\/vc_row]","og_url":"https:\/\/cityresidence.sk\/en\/online-checkin\/","og_site_name":"CITY RESIDENCE","article_modified_time":"2020-09-11T07:10:10+00:00","twitter_card":"summary_large_image","schema":{"@context":"https:\/\/schema.org","@graph":[{"@type":"WebPage","@id":"https:\/\/cityresidence.sk\/en\/online-checkin\/","url":"https:\/\/cityresidence.sk\/en\/online-checkin\/","name":"Online check-in - CITY RESIDENCE","isPartOf":{"@id":"https:\/\/cityresidence.sk\/en\/#website"},"datePublished":"2020-08-24T16:52:16+00:00","dateModified":"2020-09-11T07:10:10+00:00","breadcrumb":{"@id":"https:\/\/cityresidence.sk\/en\/online-checkin\/#breadcrumb"},"inLanguage":"en-US","potentialAction":[{"@type":"ReadAction","target":["https:\/\/cityresidence.sk\/en\/online-checkin\/"]}]},{"@type":"BreadcrumbList","@id":"https:\/\/cityresidence.sk\/en\/online-checkin\/#breadcrumb","itemListElement":[{"@type":"ListItem","position":1,"name":"Domovsk\u00e1 str\u00e1nka","item":"https:\/\/cityresidence.sk\/en\/"},{"@type":"ListItem","position":2,"name":"Online check-in"}]},{"@type":"WebSite","@id":"https:\/\/cityresidence.sk\/en\/#website","url":"https:\/\/cityresidence.sk\/en\/","name":"CITY RESIDENCE","description":"APARTMENT HOTEL KO\u0160ICE","potentialAction":[{"@type":"SearchAction","target":{"@type":"EntryPoint","urlTemplate":"https:\/\/cityresidence.sk\/en\/?s={search_term_string}"},"query-input":{"@type":"PropertyValueSpecification","valueRequired":true,"valueName":"search_term_string"}}],"inLanguage":"en-US"}]}},"_links":{"self":[{"href":"https:\/\/cityresidence.sk\/en\/wp-json\/wp\/v2\/pages\/2054","targetHints":{"allow":["GET"]}}],"collection":[{"href":"https:\/\/cityresidence.sk\/en\/wp-json\/wp\/v2\/pages"}],"about":[{"href":"https:\/\/cityresidence.sk\/en\/wp-json\/wp\/v2\/types\/page"}],"author":[{"embeddable":true,"href":"https:\/\/cityresidence.sk\/en\/wp-json\/wp\/v2\/users\/1"}],"replies":[{"embeddable":true,"href":"https:\/\/cityresidence.sk\/en\/wp-json\/wp\/v2\/comments?post=2054"}],"version-history":[{"count":4,"href":"https:\/\/cityresidence.sk\/en\/wp-json\/wp\/v2\/pages\/2054\/revisions"}],"predecessor-version":[{"id":2329,"href":"https:\/\/cityresidence.sk\/en\/wp-json\/wp\/v2\/pages\/2054\/revisions\/2329"}],"wp:attachment":[{"href":"https:\/\/cityresidence.sk\/en\/wp-json\/wp\/v2\/media?parent=2054"}],"curies":[{"name":"wp","href":"https:\/\/api.w.org\/{rel}","templated":true}]}}