{"id":2082,"date":"2020-08-24T20:18:46","date_gmt":"2020-08-24T18:18:46","guid":{"rendered":"https:\/\/cityresidence.sk\/?page_id=2082"},"modified":"2025-08-22T11:23:33","modified_gmt":"2025-08-22T09:23:33","slug":"contact","status":"publish","type":"page","link":"https:\/\/cityresidence.sk\/en\/contact\/","title":{"rendered":"Contact"},"content":{"rendered":"<p>[vc_row css=&#8221;.vc_custom_1492593618245{margin-top: 40px !important;}&#8221;][vc_column width=&#8221;1\/2&#8243;]<div style=\"background-color:;height: 20px\" class=\"nicdark_section  \"><\/div> <h3 style=\"color:#1c1c1c;padding:px;text-align:;font-size:25px;line-height:25px;letter-spacing: px;font-weight:normal\" class=\"   nd_options_first_font \">Contact us<\/h3> <div style=\"background-color:;height: 20px\" class=\"nicdark_section  \"><\/div>\n\n    <!--start form-->\n    <div id=\"nd_options_shortcode_cf7_2680\" class=\"nd_options_section \">\n      \n      <div class=\"nd_options_section nd_options_box_sizing_border_box\">\n        \n<div class=\"wpcf7 no-js\" id=\"wpcf7-f2680-o1\" lang=\"en-US\" dir=\"ltr\">\n<div class=\"screen-reader-response\"><p role=\"status\" aria-live=\"polite\" aria-atomic=\"true\"><\/p> <ul><\/ul><\/div>\n<form action=\"\/en\/wp-json\/wp\/v2\/pages\/2082#wpcf7-f2680-o1\" method=\"post\" class=\"wpcf7-form init\" aria-label=\"Contact form\" novalidate=\"novalidate\" data-status=\"init\">\n<input type=\"hidden\" name=\"_wpcf7\" value=\"2680\" \/><input type=\"hidden\" name=\"_wpcf7_version\" value=\"6.1.1\" \/><input type=\"hidden\" name=\"_wpcf7_locale\" value=\"en_US\" \/><input type=\"hidden\" name=\"_wpcf7_unit_tag\" value=\"wpcf7-f2680-o1\" \/><input type=\"hidden\" name=\"_wpcf7_container_post\" value=\"0\" \/><input type=\"hidden\" name=\"_wpcf7_posted_data_hash\" value=\"\" \/><input type=\"hidden\" name=\"_wpcf7_recaptcha_response\" value=\"\" \/>\n\n<p>Name:\n<\/p>\n<p><span class=\"wpcf7-form-control-wrap\" data-name=\"name-form\"><input size=\"40\" class=\"wpcf7-form-control wpcf7-text wpcf7-validates-as-required nd_options_padding_10_20_important nd_options_margin_top_10\" aria-required=\"true\" aria-invalid=\"false\" value=\"\" type=\"text\" name=\"name-form\" \/><\/span>\n<\/p>\n<p>Email:\n<\/p>\n<p><span class=\"wpcf7-form-control-wrap\" data-name=\"email\"><input size=\"40\" class=\"wpcf7-form-control wpcf7-email wpcf7-validates-as-required wpcf7-text wpcf7-validates-as-email nd_options_padding_10_20_important nd_options_margin_top_10\" aria-required=\"true\" aria-invalid=\"false\" value=\"\" type=\"email\" name=\"email\" \/><\/span>\n<\/p>\n<p>Message:\n<\/p>\n<p><span class=\"wpcf7-form-control-wrap\" data-name=\"message\"><textarea cols=\"40\" rows=\"5\" class=\"wpcf7-form-control wpcf7-textarea nd_options_padding_10_20_important nd_options_margin_top_10\" aria-invalid=\"false\" name=\"message\"><\/textarea><\/span><br \/>\n<input class=\"wpcf7-form-control wpcf7-submit has-spinner nd_booking_padding_15_30_important nd_options_second_font_important nd_options_color_white nd_options_display_inline_block nd_options_font_size_11 nd_options_font_weight_bold nd_options_letter_spacing_2 nd_options_section\" type=\"submit\" value=\"SEND\" \/>\n<\/p><div class=\"wpcf7-response-output\" aria-hidden=\"true\"><\/div>\n<\/form>\n<\/div>\n \n      <\/div>  \n\n    <\/div>\n    <!--end form-->\n\n   <div style=\"background-color:;height: 20px\" class=\"nicdark_section  \"><\/div>[\/vc_column][vc_column width=&#8221;1\/2&#8243;]<div style=\"background-color:;height: 20px\" class=\"nicdark_section  \"><\/div> <h3 style=\"color:#1c1c1c;padding:px;text-align:;font-size:25px;line-height:25px;letter-spacing: px;font-weight:normal\" class=\"   nd_options_first_font \">\u201cYou can stay in Ko\u0161ice or you can be in Ko\u0161ice\u201d<\/h3> <div style=\"background-color:;height: 30px\" class=\"nicdark_section  \"><\/div>[vc_column_text]<span style=\"color: #000000;\">The unique apartment Hotel City Residence is located right in the center of historic Ko\u0161ice, just a few meters from the most visited cultural and historical monuments:<\/span><\/p>\n<p>&nbsp;<\/p>\n<p><span style=\"color: #000000;\">&#8211; St. Elizabeth&#8217;s Cathedral &#8211; 950m<\/span><\/p>\n<p><span style=\"color: #000000;\">&#8211; Hrn\u010diarsk\u00e1 street &#8211; 700m<\/span><\/p>\n<p><span style=\"color: #000000;\">&#8211; East Slovak Museum &#8211; 400m<\/span><\/p>\n<p><span style=\"color: #000000;\">&#8211; State Theater Ko\u0161ice &#8211; 800m<\/span><\/p>\n<p><span style=\"color: #000000;\">&#8211; Jewish synagogue &#8211; 1.3 km<\/span><\/p>\n<p><span style=\"color: #000000;\">&#8211; the distance from the Railway and Bus Station is within 20 minutes on foot, by car within 5 minutes.<\/span><\/p>\n<p><span style=\"color: #000000;\">&#8211; distance from Ko\u0161ice-Barca International Airport within 20 minutes by car<\/span>[\/vc_column_text][\/vc_column][\/vc_row][vc_row css=&#8221;.vc_custom_1476343737841{margin-top: 60px !important;}&#8221;][vc_column width=&#8221;1\/4&#8243;][vc_column_text]<span style=\"color: #000000;\">Open hours:<\/span>[\/vc_column_text][vc_column_text]<span style=\"color: #000000;\"><strong>Reception:<\/strong><\/span><\/p>\n<p><span style=\"color: #000000;\">7:00 &#8211; 22:00 hod.<\/span><br \/>\n<span style=\"color: #000000;\">+421 55 62 28\u00a0601<\/span><br \/>\n<span style=\"color: #000000;\">+421\u00a0918\u00a0761\u00a0804<\/span><br \/>\n<span style=\"color: #000000;\"><a style=\"color: #000000;\" href=\"mailto:recepcia@cityresidence.sk\">recepcia@cityresidence.sk<\/a><\/span>[\/vc_column_text][\/vc_column][vc_column width=&#8221;1\/4&#8243;][vc_empty_space height=&#8221;50px&#8221;][vc_column_text]<span style=\"color: #000000;\"><strong>Caf\u00e9:<\/strong><\/span><\/p>\n<p><span style=\"color: #000000;\">Weekdays: 7am &#8211; 3pm<br \/>\nWeekend: Closed<br \/>\nHotel guests: 7am &#8211; 10pm<br \/>\n<\/span><\/p>\n<p><span style=\"color: #000000;\">+421\u00a0918\u00a0918\u00a0898<\/span><\/p>\n<p><span style=\"color: #000000;\"><a style=\"color: #000000;\" href=\"mailto:kaviaren@cityresidence.sk\">kaviaren@cityresidence.sk<\/a><\/span>[\/vc_column_text][\/vc_column][vc_column width=&#8221;1\/4&#8243;][vc_empty_space height=&#8221;50px&#8221;][vc_column_text]<span style=\"color: #000000;\"><strong>Hotel director:<\/strong><\/span><\/p>\n<p><span style=\"color: #000000;\">Mgr. Alexandra Kubackov\u00e1<\/span><\/p>\n<p><span style=\"color: #000000;\"><a style=\"color: #000000;\" href=\"mailto:kubackova@cityresidence.sk\">kubackova@cityresidence.sk<\/a><\/span>[\/vc_column_text][\/vc_column][vc_column width=&#8221;1\/4&#8243;][vc_empty_space height=&#8221;50px&#8221;][vc_column_text]<span style=\"color: #000000;\"><strong>Hotel address:<\/strong><\/span><\/p>\n<p><span style=\"color: #000000;\">Ba\u010d\u00edkova 18<\/span><br \/>\n<span style=\"color: #000000;\">040 01 Ko\u0161ice<\/span><\/p>\n<p><span style=\"color: #000000;\"><strong>GPS:<\/strong><\/span><\/p>\n<p><span style=\"color: #000000;\">N 48.7254619<\/span><br \/>\n<span style=\"color: #000000;\">E 21.2514719<\/span>[\/vc_column_text][\/vc_column][\/vc_row][vc_row][vc_column][vc_empty_space height=&#8221;50px&#8221;] <h3 style=\"color:#1c1c1c;padding:px;text-align:center;font-size:25px;line-height:25px;letter-spacing: px;font-weight:normal\" class=\"   nd_options_first_font \">Subscribe to our newsletter<\/h3> [vc_empty_space height=&#8221;50px&#8221;][\/vc_column][\/vc_row][vc_row][vc_column width=&#8221;1\/3&#8243;][\/vc_column][vc_column width=&#8221;1\/3&#8243;][vc_column_text]<script>(function() {\n\twindow.mc4wp = window.mc4wp || {\n\t\tlisteners: [],\n\t\tforms: {\n\t\t\ton: function(evt, cb) {\n\t\t\t\twindow.mc4wp.listeners.push(\n\t\t\t\t\t{\n\t\t\t\t\t\tevent   : evt,\n\t\t\t\t\t\tcallback: cb\n\t\t\t\t\t}\n\t\t\t\t);\n\t\t\t}\n\t\t}\n\t}\n})();\n<\/script><!-- Mailchimp for WordPress v4.10.6 - https:\/\/wordpress.org\/plugins\/mailchimp-for-wp\/ --><form id=\"mc4wp-form-1\" class=\"mc4wp-form mc4wp-form-2319\" method=\"post\" data-id=\"2319\" data-name=\"Newsletter - zakladny SK\" ><div class=\"mc4wp-form-fields\"><p>\r\n\t<label>\r\n\t\t<input type=\"email\" name=\"EMAIL\" placeholder=\"Zadajte V\u00e1\u0161 E-mail\" required \/>\r\n<\/label> <input type=\"submit\" value=\"ODOBERA\u0164\" \/>\r\n<\/p>\r\n<p>\r\n  <\/p>\r\n<p>\r\n    <label>\r\n        <input name=\"AGREE_TO_TERMS\" type=\"checkbox\" value=\"1\" required=\"\"> <a href=\"\/ochrana-sukromia\/\" target=\"_blank\">*S\u00fahlas\u00edm so spracovan\u00edm osobn\u00fdch \u00fadajov<\/a>\r\n    <\/label>\r\n<\/p>\r\n\r\n<\/div><label style=\"display: none !important;\">Leave this field empty if you're human: <input type=\"text\" name=\"_mc4wp_honeypot\" value=\"\" tabindex=\"-1\" autocomplete=\"off\" \/><\/label><input type=\"hidden\" name=\"_mc4wp_timestamp\" value=\"1778917511\" \/><input type=\"hidden\" name=\"_mc4wp_form_id\" value=\"2319\" \/><input type=\"hidden\" name=\"_mc4wp_form_element_id\" value=\"mc4wp-form-1\" \/><div class=\"mc4wp-response\"><\/div><\/form><!-- \/ Mailchimp for WordPress Plugin -->[\/vc_column_text][\/vc_column][vc_column width=&#8221;1\/3&#8243;][\/vc_column][\/vc_row][vc_row full_width=&#8221;stretch_row&#8221; css=&#8221;.vc_custom_1597754895784{margin-top: 40px !important;padding-top: 80px !important;padding-bottom: 80px !important;background-color: #262626 !important;background-position: center !important;background-repeat: no-repeat !important;background-size: cover !important;}&#8221;][vc_column] <h3 style=\"color:#ffffff;padding:px;text-align:center;font-size:13px;line-height:13px;letter-spacing: 2px;font-weight:lighter\" class=\"   nd_options_second_font \">YOU WILL FIND US AT THIS ADDRESS<\/h3> <div style=\"background-color:;height: 10px\" class=\"nicdark_section  \"><\/div> <h1 style=\"color:#ffffff;padding:px;text-align:center;font-size:30px;line-height:35px;letter-spacing: px;font-weight:normal\" class=\"   nd_options_first_font \">Looking forward to your visit<\/h1> [\/vc_column][\/vc_row][vc_row full_width=&#8221;stretch_row_content&#8221; content_placement=&#8221;middle&#8221;][vc_column][vc_column_text css=&#8221;.vc_custom_1596353107747{margin-left: 100px !important;}&#8221;]<iframe loading=\"lazy\" style=\"border: 0;\" tabindex=\"0\" src=\"https:\/\/www.google.com\/maps\/embed?pb=!1m18!1m12!1m3!1d2631.9544575653927!2d21.249283215669678!3d48.72546187927473!2m3!1f0!2f0!3f0!3m2!1i1024!2i768!4f13.1!3m3!1m2!1s0x473ee066d7cce22b%3A0xb22a9152224fe499!2zQmHEjcOta292YSAzMjIsIDA0MCAwMSBLb8WhaWNl!5e0!3m2!1ssk!2ssk!4v1596349947252!5m2!1ssk!2ssk\" width=\"2500\" height=\"450\" frameborder=\"0\" allowfullscreen=\"allowfullscreen\" aria-hidden=\"false\" data-mce-fragment=\"1\"><\/iframe>[\/vc_column_text][\/vc_column][\/vc_row]<\/p>\n","protected":false},"excerpt":{"rendered":"<p>[vc_row css=&#8221;.vc_custom_1492593618245{margin-top: 40px !important;}&#8221;][vc_column width=&#8221;1\/2&#8243;][\/vc_column][vc_column width=&#8221;1\/2&#8243;][vc_column_text]The unique apartment Hotel City Residence is located right in the center of historic Ko\u0161ice, just a few meters from the most visited cultural and historical monuments: &nbsp; &#8211; St. Elizabeth&#8217;s Cathedral &#8211; 950m &#8211; Hrn\u010diarsk\u00e1 street &#8211; 700m &#8211; East Slovak Museum &#8211; 400m &#8211; State Theater Ko\u0161ice &#8211; [&hellip;]<\/p>\n","protected":false},"author":1,"featured_media":0,"parent":0,"menu_order":0,"comment_status":"closed","ping_status":"closed","template":"","meta":{"footnotes":""},"class_list":["post-2082","page","type-page","status-publish","hentry"],"yoast_head":"<!-- This site is optimized with the Yoast SEO plugin v25.7 - https:\/\/yoast.com\/wordpress\/plugins\/seo\/ -->\n<title>Contact - CITY RESIDENCE<\/title>\n<meta name=\"robots\" content=\"index, follow, max-snippet:-1, max-image-preview:large, max-video-preview:-1\" \/>\n<link rel=\"canonical\" href=\"https:\/\/cityresidence.sk\/en\/contact\/\" \/>\n<meta property=\"og:locale\" content=\"en_US\" \/>\n<meta property=\"og:type\" content=\"article\" \/>\n<meta property=\"og:title\" content=\"Contact - CITY RESIDENCE\" \/>\n<meta property=\"og:description\" content=\"[vc_row css=&#8221;.vc_custom_1492593618245{margin-top: 40px !important;}&#8221;][vc_column width=&#8221;1\/2&#8243;][\/vc_column][vc_column width=&#8221;1\/2&#8243;][vc_column_text]The unique apartment Hotel City Residence is located right in the center of historic Ko\u0161ice, just a few meters from the most visited cultural and historical monuments: &nbsp; &#8211; St. Elizabeth&#8217;s Cathedral &#8211; 950m &#8211; Hrn\u010diarsk\u00e1 street &#8211; 700m &#8211; East Slovak Museum &#8211; 400m &#8211; State Theater Ko\u0161ice &#8211; [&hellip;]\" \/>\n<meta property=\"og:url\" content=\"https:\/\/cityresidence.sk\/en\/contact\/\" \/>\n<meta property=\"og:site_name\" content=\"CITY RESIDENCE\" \/>\n<meta property=\"article:modified_time\" content=\"2025-08-22T09:23:33+00:00\" \/>\n<meta name=\"twitter:card\" content=\"summary_large_image\" \/>\n<meta name=\"twitter:label1\" content=\"Est. reading time\" \/>\n\t<meta name=\"twitter:data1\" content=\"2 minutes\" \/>\n<script type=\"application\/ld+json\" class=\"yoast-schema-graph\">{\"@context\":\"https:\/\/schema.org\",\"@graph\":[{\"@type\":\"WebPage\",\"@id\":\"https:\/\/cityresidence.sk\/en\/contact\/\",\"url\":\"https:\/\/cityresidence.sk\/en\/contact\/\",\"name\":\"Contact - CITY RESIDENCE\",\"isPartOf\":{\"@id\":\"https:\/\/cityresidence.sk\/en\/#website\"},\"datePublished\":\"2020-08-24T18:18:46+00:00\",\"dateModified\":\"2025-08-22T09:23:33+00:00\",\"breadcrumb\":{\"@id\":\"https:\/\/cityresidence.sk\/en\/contact\/#breadcrumb\"},\"inLanguage\":\"en-US\",\"potentialAction\":[{\"@type\":\"ReadAction\",\"target\":[\"https:\/\/cityresidence.sk\/en\/contact\/\"]}]},{\"@type\":\"BreadcrumbList\",\"@id\":\"https:\/\/cityresidence.sk\/en\/contact\/#breadcrumb\",\"itemListElement\":[{\"@type\":\"ListItem\",\"position\":1,\"name\":\"Domovsk\u00e1 str\u00e1nka\",\"item\":\"https:\/\/cityresidence.sk\/en\/\"},{\"@type\":\"ListItem\",\"position\":2,\"name\":\"Contact\"}]},{\"@type\":\"WebSite\",\"@id\":\"https:\/\/cityresidence.sk\/en\/#website\",\"url\":\"https:\/\/cityresidence.sk\/en\/\",\"name\":\"CITY RESIDENCE\",\"description\":\"APARTMENT HOTEL KO\u0160ICE\",\"potentialAction\":[{\"@type\":\"SearchAction\",\"target\":{\"@type\":\"EntryPoint\",\"urlTemplate\":\"https:\/\/cityresidence.sk\/en\/?s={search_term_string}\"},\"query-input\":{\"@type\":\"PropertyValueSpecification\",\"valueRequired\":true,\"valueName\":\"search_term_string\"}}],\"inLanguage\":\"en-US\"}]}<\/script>\n<!-- \/ Yoast SEO plugin. -->","yoast_head_json":{"title":"Contact - CITY RESIDENCE","robots":{"index":"index","follow":"follow","max-snippet":"max-snippet:-1","max-image-preview":"max-image-preview:large","max-video-preview":"max-video-preview:-1"},"canonical":"https:\/\/cityresidence.sk\/en\/contact\/","og_locale":"en_US","og_type":"article","og_title":"Contact - CITY RESIDENCE","og_description":"[vc_row css=&#8221;.vc_custom_1492593618245{margin-top: 40px !important;}&#8221;][vc_column width=&#8221;1\/2&#8243;][\/vc_column][vc_column width=&#8221;1\/2&#8243;][vc_column_text]The unique apartment Hotel City Residence is located right in the center of historic Ko\u0161ice, just a few meters from the most visited cultural and historical monuments: &nbsp; &#8211; St. Elizabeth&#8217;s Cathedral &#8211; 950m &#8211; Hrn\u010diarsk\u00e1 street &#8211; 700m &#8211; East Slovak Museum &#8211; 400m &#8211; State Theater Ko\u0161ice &#8211; [&hellip;]","og_url":"https:\/\/cityresidence.sk\/en\/contact\/","og_site_name":"CITY RESIDENCE","article_modified_time":"2025-08-22T09:23:33+00:00","twitter_card":"summary_large_image","twitter_misc":{"Est. reading time":"2 minutes"},"schema":{"@context":"https:\/\/schema.org","@graph":[{"@type":"WebPage","@id":"https:\/\/cityresidence.sk\/en\/contact\/","url":"https:\/\/cityresidence.sk\/en\/contact\/","name":"Contact - CITY RESIDENCE","isPartOf":{"@id":"https:\/\/cityresidence.sk\/en\/#website"},"datePublished":"2020-08-24T18:18:46+00:00","dateModified":"2025-08-22T09:23:33+00:00","breadcrumb":{"@id":"https:\/\/cityresidence.sk\/en\/contact\/#breadcrumb"},"inLanguage":"en-US","potentialAction":[{"@type":"ReadAction","target":["https:\/\/cityresidence.sk\/en\/contact\/"]}]},{"@type":"BreadcrumbList","@id":"https:\/\/cityresidence.sk\/en\/contact\/#breadcrumb","itemListElement":[{"@type":"ListItem","position":1,"name":"Domovsk\u00e1 str\u00e1nka","item":"https:\/\/cityresidence.sk\/en\/"},{"@type":"ListItem","position":2,"name":"Contact"}]},{"@type":"WebSite","@id":"https:\/\/cityresidence.sk\/en\/#website","url":"https:\/\/cityresidence.sk\/en\/","name":"CITY RESIDENCE","description":"APARTMENT HOTEL KO\u0160ICE","potentialAction":[{"@type":"SearchAction","target":{"@type":"EntryPoint","urlTemplate":"https:\/\/cityresidence.sk\/en\/?s={search_term_string}"},"query-input":{"@type":"PropertyValueSpecification","valueRequired":true,"valueName":"search_term_string"}}],"inLanguage":"en-US"}]}},"_links":{"self":[{"href":"https:\/\/cityresidence.sk\/en\/wp-json\/wp\/v2\/pages\/2082","targetHints":{"allow":["GET"]}}],"collection":[{"href":"https:\/\/cityresidence.sk\/en\/wp-json\/wp\/v2\/pages"}],"about":[{"href":"https:\/\/cityresidence.sk\/en\/wp-json\/wp\/v2\/types\/page"}],"author":[{"embeddable":true,"href":"https:\/\/cityresidence.sk\/en\/wp-json\/wp\/v2\/users\/1"}],"replies":[{"embeddable":true,"href":"https:\/\/cityresidence.sk\/en\/wp-json\/wp\/v2\/comments?post=2082"}],"version-history":[{"count":11,"href":"https:\/\/cityresidence.sk\/en\/wp-json\/wp\/v2\/pages\/2082\/revisions"}],"predecessor-version":[{"id":2681,"href":"https:\/\/cityresidence.sk\/en\/wp-json\/wp\/v2\/pages\/2082\/revisions\/2681"}],"wp:attachment":[{"href":"https:\/\/cityresidence.sk\/en\/wp-json\/wp\/v2\/media?parent=2082"}],"curies":[{"name":"wp","href":"https:\/\/api.w.org\/{rel}","templated":true}]}}