{"id":2088,"date":"2020-08-24T20:26:32","date_gmt":"2020-08-24T18:26:32","guid":{"rendered":"https:\/\/cityresidence.sk\/?page_id=2088"},"modified":"2020-09-17T09:16:17","modified_gmt":"2020-09-17T07:16:17","slug":"akcie","status":"publish","type":"page","link":"https:\/\/cityresidence.sk\/en\/events\/","title":{"rendered":"Events"},"content":{"rendered":"<p>[vc_row][vc_column css=&#8221;.vc_custom_1467360650255{margin-top: 10px !important;margin-bottom: 10px !important;padding-top: 0px !important;padding-right: 40px !important;}&#8221;]<div style=\"background-color:;height: 30px\" class=\"nicdark_section  \"><\/div><div style=\"background-color:;height: 30px\" class=\"nicdark_section  \"><\/div> <h1 style=\"color:#1c1c1c;padding:px;text-align:center;font-size:70px;line-height:80px;letter-spacing: px;font-weight:normal\" class=\"  nd_options_text_align_center_responsive_important nd_options_first_font \">Unforgettable moments by your loved ones<\/h1> [vc_empty_space height=&#8221;20px&#8221;][vc_column_text el_class=&#8221;nd_options_text_align_center_responsive&#8221;]<\/p>\n<p style=\"text-align: center;\">Celebration, wedding, family reunion, or reunion after years? Our team will make sure that you spend these festive moments without stress and worries.<br \/>\nShare your ideas with us and we will take care of everything else.[\/vc_column_text][vc_empty_space height=&#8221;70px&#8221;][\/vc_column][\/vc_row][vc_row][vc_column width=&#8221;1\/4&#8243;][vc_single_image image=&#8221;1784&#8243; img_size=&#8221;full&#8221; alignment=&#8221;center&#8221; onclick=&#8221;custom_link&#8221; css_animation=&#8221;none&#8221; link=&#8221;\/en\/celebration\/&#8221;][vc_empty_space] <h1 style=\"color:#1c1c1c;padding:px;text-align:center;font-size:30px;line-height:50px;letter-spacing: px;font-weight:normal\" class=\"  nd_options_text_align_center_responsive_important nd_options_first_font \">Celebration<\/h1> [\/vc_column][vc_column width=&#8221;1\/4&#8243;][vc_single_image image=&#8221;1538&#8243; img_size=&#8221;full&#8221; alignment=&#8221;center&#8221; onclick=&#8221;custom_link&#8221; css_animation=&#8221;none&#8221; link=&#8221;\/en\/wedding\/&#8221;][vc_empty_space] <h1 style=\"color:#1c1c1c;padding:px;text-align:center;font-size:30px;line-height:50px;letter-spacing: px;font-weight:normal\" class=\"  nd_options_text_align_center_responsive_important nd_options_first_font \">Wedding<\/h1> [\/vc_column][vc_column width=&#8221;1\/4&#8243;][vc_single_image image=&#8221;1799&#8243; img_size=&#8221;full&#8221; alignment=&#8221;center&#8221; onclick=&#8221;custom_link&#8221; css_animation=&#8221;none&#8221; link=&#8221;\/en\/graduation\/&#8221;][vc_empty_space] <h1 style=\"color:#1c1c1c;padding:px;text-align:center;font-size:30px;line-height:50px;letter-spacing: px;font-weight:normal\" class=\"  nd_options_text_align_center_responsive_important nd_options_first_font \">Graduation<\/h1> [\/vc_column][vc_column width=&#8221;1\/4&#8243;][vc_single_image image=&#8221;1865&#8243; img_size=&#8221;full&#8221; alignment=&#8221;center&#8221; onclick=&#8221;custom_link&#8221; css_animation=&#8221;none&#8221; link=&#8221;\/en\/business-meeting\/&#8221;][vc_empty_space] <h1 style=\"color:#1c1c1c;padding:px;text-align:center;font-size:30px;line-height:50px;letter-spacing: px;font-weight:normal\" class=\"  nd_options_text_align_center_responsive_important nd_options_first_font \">For company<\/h1> [\/vc_column][\/vc_row][vc_row][vc_column width=&#8221;1\/4&#8243;][vc_empty_space]\n\t<div class=\"nd_options_section nd_options_text_align_center\">\n\t<a style=\"border: px solid;border-radius:px;letter-spacing:2px;line-height:px;font-size:px;background-color:#c19b76;padding:15px 35px;margin:;color:#ffffff\" rel=\"\" href=\"\/en\/celebration\/\" class=\"nicdark_display_inline_block  nd_options_font_weight_bold   \">SHOW MORE<\/a>\n\t<\/div>\n[\/vc_column][vc_column width=&#8221;1\/4&#8243;][vc_empty_space]\n\t<div class=\"nd_options_section nd_options_text_align_center\">\n\t<a style=\"border: px solid;border-radius:px;letter-spacing:2px;line-height:px;font-size:px;background-color:#c19b76;padding:15px 35px;margin:;color:#ffffff\" rel=\"\" href=\"\/en\/wedding\/\" class=\"nicdark_display_inline_block  nd_options_font_weight_bold   \">SHOW MORE<\/a>\n\t<\/div>\n[\/vc_column][vc_column width=&#8221;1\/4&#8243;][vc_empty_space]\n\t<div class=\"nd_options_section nd_options_text_align_center\">\n\t<a style=\"border: px solid;border-radius:px;letter-spacing:2px;line-height:px;font-size:px;background-color:#c19b76;padding:15px 35px;margin:;color:#ffffff\" rel=\"\" href=\"\/en\/graduation\/\" class=\"nicdark_display_inline_block  nd_options_font_weight_bold   \">SHOW MORE<\/a>\n\t<\/div>\n[\/vc_column][vc_column width=&#8221;1\/4&#8243;][vc_empty_space]\n\t<div class=\"nd_options_section nd_options_text_align_center\">\n\t<a style=\"border: px solid;border-radius:px;letter-spacing:2px;line-height:px;font-size:px;background-color:#c19b76;padding:15px 35px;margin:;color:#ffffff\" rel=\"\" href=\"\/en\/business-meeting\/\" class=\"nicdark_display_inline_block  nd_options_font_weight_bold   \">SHOW MORE<\/a>\n\t<\/div>\n[\/vc_column][\/vc_row][vc_row][vc_column][vc_empty_space height=&#8221;100px&#8221;][\/vc_column][\/vc_row][vc_row disable_element=&#8221;yes&#8221;][vc_column width=&#8221;6\/12&#8243; css=&#8221;.vc_custom_1467360650255{margin-top: 10px !important;margin-bottom: 10px !important;padding-top: 0px !important;padding-right: 40px !important;}&#8221;]<div style=\"background-color:;height: 10px\" class=\"nicdark_section  \"><\/div> <h1 style=\"color:#1c1c1c;padding:px;text-align:right;font-size:40px;line-height:50px;letter-spacing: px;font-weight:normal\" class=\"  nd_options_text_align_center_responsive_important nd_options_first_font \">Nezabudnute\u013en\u00e9 chv\u00edle s va\u0161imi bl\u00edzkymi<\/h1> [\/vc_column][vc_column width=&#8221;3\/12&#8243; css=&#8221;.vc_custom_1467207292391{margin-top: 10px !important;margin-bottom: 10px !important;padding-top: 0px !important;}&#8221;]<div style=\"background-color:;height: 20px\" class=\"nicdark_section  \"><\/div>[vc_column_text el_class=&#8221;nd_options_text_align_center_responsive&#8221;]Oslava, svadba, rodinn\u00e9 stretnutie, alebo stretnutie po rokoch?[\/vc_column_text]<div style=\"background-color:;height: 20px\" class=\"nicdark_section  \"><\/div>[vc_column_text el_class=&#8221;nd_options_text_align_center_responsive&#8221;]N\u00e1\u0161 t\u00edm sa postar\u00e1 o to, aby ste tieto sviato\u010dn\u00e9 chv\u00edle pre\u017eili bez stresov a starost\u00ed. Pode\u013ete sa s nami o Va\u0161e predstavy a my sa postar\u00e1me o v\u0161etko ostatn\u00e9.[\/vc_column_text][\/vc_column][vc_column width=&#8221;3\/12&#8243; css=&#8221;.vc_custom_1467207298589{margin-top: 10px !important;margin-bottom: 10px !important;padding-top: 0px !important;}&#8221;]<div style=\"background-color:;height: 20px\" class=\"nicdark_section  \"><\/div>[vc_column_text el_class=&#8221;nd_options_text_align_center_responsive&#8221;]Phasellus enim libero, blandit vel sapien vitae, condimentum ultricies magna et. Quisque euismod orci ut.[\/vc_column_text]<div style=\"background-color:;height: 20px\" class=\"nicdark_section  \"><\/div>[vc_column_text el_class=&#8221;nd_options_text_align_center_responsive&#8221;]Phasellus enim libero, blandit vel sapien vitae, condimentum ultricies magna et. Quisque euismod orci ut.[\/vc_column_text][\/vc_column][\/vc_row][vc_row disable_element=&#8221;yes&#8221; css=&#8221;.vc_custom_1596730224779{margin-top: 30px !important;}&#8221;][vc_column width=&#8221;1\/4&#8243;]<div style=\"background-color:;height: 10px\" class=\"nicdark_section  \"><\/div>\n\n  <!--START team-->\n  <div class=\" nd_options_team_component_l5 nd_options_section nd_options_box_sizing_border_box  \">    \n    <div class=\"nd_options_section nd_options_position_relative\">\n\n      <img decoding=\"async\" alt=\"\" class=\"nd_options_section\" src=\"https:\/\/cityresidence.sk\/wp-content\/uploads\/2020\/07\/OSLAVY.png\">\n\n      <div class=\"nd_options_bg_greydark_alpha_gradient_3 nd_options_position_absolute nd_options_left_0 nd_options_height_100_percentage nd_options_width_100_percentage nd_options_box_sizing_border_box\">\n        <div class=\"nd_options_position_absolute nd_options_bottom_30 nd_options_width_100_percentage nd_options_padding_botttom_0 nd_options_padding_50 nd_options_box_sizing_border_box nd_options_text_align_center\">\n          <h3 class=\"nd_options_color_white\">OSLAVA<\/h3>\n          <div class=\"nd_options_section nd_options_height_10\"><\/div>\n          <h6 class=\"nd_options_color_white\"><strong><\/strong><\/h6>\n        <\/div>\n      <\/div>\n\n    <\/div>\n  <\/div>\n  <!--END team-->\n<div style=\"background-color:;height: 10px\" class=\"nicdark_section  \"><\/div>[vc_empty_space][\/vc_column][vc_column width=&#8221;1\/4&#8243;]<div style=\"background-color:;height: 10px\" class=\"nicdark_section  \"><\/div>\n\n  <!--START team-->\n  <div class=\" nd_options_team_component_l5 nd_options_section nd_options_box_sizing_border_box  \">    \n    <div class=\"nd_options_section nd_options_position_relative\">\n\n      <img decoding=\"async\" alt=\"\" class=\"nd_options_section\" src=\"https:\/\/cityresidence.sk\/wp-content\/uploads\/2020\/07\/SVADBY.png\">\n\n      <div class=\"nd_options_bg_greydark_alpha_gradient_3 nd_options_position_absolute nd_options_left_0 nd_options_height_100_percentage nd_options_width_100_percentage nd_options_box_sizing_border_box\">\n        <div class=\"nd_options_position_absolute nd_options_bottom_30 nd_options_width_100_percentage nd_options_padding_botttom_0 nd_options_padding_50 nd_options_box_sizing_border_box nd_options_text_align_center\">\n          <h3 class=\"nd_options_color_white\">SVADBA<\/h3>\n          <div class=\"nd_options_section nd_options_height_10\"><\/div>\n          <h6 class=\"nd_options_color_white\"><strong><\/strong><\/h6>\n        <\/div>\n      <\/div>\n\n    <\/div>\n  <\/div>\n  <!--END team-->\n<div style=\"background-color:;height: 10px\" class=\"nicdark_section  \"><\/div>[\/vc_column][vc_column width=&#8221;1\/4&#8243;]<div style=\"background-color:;height: 10px\" class=\"nicdark_section  \"><\/div>\n\n  <!--START team-->\n  <div class=\" nd_options_team_component_l5 nd_options_section nd_options_box_sizing_border_box  \">    \n    <div class=\"nd_options_section nd_options_position_relative\">\n\n      <img decoding=\"async\" alt=\"\" class=\"nd_options_section\" src=\"https:\/\/cityresidence.sk\/wp-content\/uploads\/2020\/08\/promocie_square2.jpg\">\n\n      <div class=\"nd_options_bg_greydark_alpha_gradient_3 nd_options_position_absolute nd_options_left_0 nd_options_height_100_percentage nd_options_width_100_percentage nd_options_box_sizing_border_box\">\n        <div class=\"nd_options_position_absolute nd_options_bottom_30 nd_options_width_100_percentage nd_options_padding_botttom_0 nd_options_padding_50 nd_options_box_sizing_border_box nd_options_text_align_center\">\n          <h3 class=\"nd_options_color_white\">PROM\u00d3CIE<\/h3>\n          <div class=\"nd_options_section nd_options_height_10\"><\/div>\n          <h6 class=\"nd_options_color_white\"><strong><\/strong><\/h6>\n        <\/div>\n      <\/div>\n\n    <\/div>\n  <\/div>\n  <!--END team-->\n<div style=\"background-color:;height: 10px\" class=\"nicdark_section  \"><\/div>[\/vc_column][vc_column width=&#8221;1\/4&#8243;]<div style=\"background-color:;height: 10px\" class=\"nicdark_section  \"><\/div>\n\n  <!--START team-->\n  <div class=\" nd_options_team_component_l5 nd_options_section nd_options_box_sizing_border_box  \">    \n    <div class=\"nd_options_section nd_options_position_relative\">\n\n      <img decoding=\"async\" alt=\"\" class=\"nd_options_section\" src=\"https:\/\/cityresidence.sk\/wp-content\/uploads\/2020\/07\/PRE-FIRMU.png\">\n\n      <div class=\"nd_options_bg_greydark_alpha_gradient_3 nd_options_position_absolute nd_options_left_0 nd_options_height_100_percentage nd_options_width_100_percentage nd_options_box_sizing_border_box\">\n        <div class=\"nd_options_position_absolute nd_options_bottom_30 nd_options_width_100_percentage nd_options_padding_botttom_0 nd_options_padding_50 nd_options_box_sizing_border_box nd_options_text_align_center\">\n          <h3 class=\"nd_options_color_white\">PRE FIRMU<\/h3>\n          <div class=\"nd_options_section nd_options_height_10\"><\/div>\n          <h6 class=\"nd_options_color_white\"><strong><\/strong><\/h6>\n        <\/div>\n      <\/div>\n\n    <\/div>\n  <\/div>\n  <!--END team-->\n[\/vc_column][\/vc_row][vc_row disable_element=&#8221;yes&#8221;][vc_column width=&#8221;1\/4&#8243;][vc_empty_space]\n\t<div class=\"nd_options_section nd_options_text_align_center\">\n\t<a style=\"border: px solid;border-radius:px;letter-spacing:2px;line-height:11px;font-size:11px;background-color:#c19b76;padding:15px 35px;margin:;color:#ffffff\" rel=\"\" href=\"\/oslava\/\" class=\"nicdark_display_inline_block  nd_options_font_weight_bold nd_options_second_font  \">ZOBRAZI\u0164 DETAIL<\/a>\n\t<\/div>\n[\/vc_column][vc_column width=&#8221;1\/4&#8243;][vc_empty_space]\n\t<div class=\"nd_options_section nd_options_text_align_center\">\n\t<a style=\"border: px solid;border-radius:px;letter-spacing:2px;line-height:11px;font-size:11px;background-color:#c19b76;padding:15px 35px;margin:;color:#ffffff\" rel=\"\" href=\"\/svadba\/\" class=\"nicdark_display_inline_block  nd_options_font_weight_bold nd_options_second_font  \">ZOBRAZI\u0164 DETAIL<\/a>\n\t<\/div>\n[\/vc_column][vc_column width=&#8221;1\/4&#8243;][vc_empty_space]\n\t<div class=\"nd_options_section nd_options_text_align_center\">\n\t<a style=\"border: px solid;border-radius:px;letter-spacing:2px;line-height:11px;font-size:11px;background-color:#c19b76;padding:15px 35px;margin:;color:#ffffff\" rel=\"\" href=\"\/promocie\/\" class=\"nicdark_display_inline_block  nd_options_font_weight_bold nd_options_second_font  \">ZOBRAZI\u0164 DETAIL<\/a>\n\t<\/div>\n[\/vc_column][vc_column width=&#8221;1\/4&#8243;][vc_empty_space]\n\t<div class=\"nd_options_section nd_options_text_align_center\">\n\t<a style=\"border: px solid;border-radius:px;letter-spacing:2px;line-height:11px;font-size:11px;background-color:#c19b76;padding:15px 35px;margin:;color:#ffffff\" rel=\"\" href=\"\/pre-firmy\/\" class=\"nicdark_display_inline_block  nd_options_font_weight_bold nd_options_second_font  \">ZOBRAZI\u0164 DETAIL<\/a>\n\t<\/div>\n[\/vc_column][\/vc_row][vc_row disable_element=&#8221;yes&#8221; css=&#8221;.vc_custom_1596730242340{margin-top: 45px !important;}&#8221;][vc_column width=&#8221;1\/12&#8243; el_class=&#8221;nd_options_text_align_center&#8221;][\/vc_column][vc_column width=&#8221;5\/12&#8243;]<div style=\"background-color:;height: 25px\" class=\"nicdark_section  \"><\/div>\n\n    <div class=\"nd_options_section nd_options_position_relative \">\n\n        <img decoding=\"async\" style=\"top:10px\" alt=\"\" class=\"nd_options_position_absolute nd_options_left_0\" width=\"50\" src=\"https:\/\/cityresidence.sk\/wp-content\/uploads\/2020\/07\/park.png\">\n\n        <div style=\"padding-left:70px\" class=\"nd_options_section nd_options_box_sizing_border_box\">\n            \n             \n            <p class=\"nd_options_second_font  \" style=\"margin:0px 0px 15px 0px;color:#878787;font-size:14px;line-height:24px\">Hotelov\u00e9 parkovanie<\/p> \n            \n\n        <\/div>\n\n    <\/div>\n\n  <div style=\"background-color:;height: 50px\" class=\"nicdark_section  \"><\/div>\n\n    <div class=\"nd_options_section nd_options_position_relative \">\n\n        <img decoding=\"async\" style=\"top:10px\" alt=\"\" class=\"nd_options_position_absolute nd_options_left_0\" width=\"50\" src=\"https:\/\/cityresidence.sk\/wp-content\/uploads\/2017\/07\/icon-17.png\">\n\n        <div style=\"padding-left:70px\" class=\"nd_options_section nd_options_box_sizing_border_box\">\n            \n             \n            <p class=\"nd_options_second_font  \" style=\"margin:0px 0px 15px 0px;color:#878787;font-size:14px;line-height:24px\">Bohat\u00fd v\u00fdber menu<\/p> \n            \n\n        <\/div>\n\n    <\/div>\n\n  <div style=\"background-color:;height: 25px\" class=\"nicdark_section  \"><\/div>[\/vc_column][vc_column width=&#8221;5\/12&#8243;]<div style=\"background-color:;height: 25px\" class=\"nicdark_section  \"><\/div>\n\n    <div class=\"nd_options_section nd_options_position_relative \">\n\n        <img decoding=\"async\" style=\"top:10px\" alt=\"\" class=\"nd_options_position_absolute nd_options_left_0\" width=\"50\" src=\"https:\/\/cityresidence.sk\/wp-content\/uploads\/2017\/07\/icon-11.png\">\n\n        <div style=\"padding-left:70px\" class=\"nd_options_section nd_options_box_sizing_border_box\">\n            \n             \n            <p class=\"nd_options_second_font  \" style=\"margin:0px 0px 15px 0px;color:#878787;font-size:14px;line-height:24px\">T\u00e9matick\u00e1 v\u00fdzdoba<\/p> \n            \n\n        <\/div>\n\n    <\/div>\n\n  <div style=\"background-color:;height: 50px\" class=\"nicdark_section  \"><\/div>\n\n    <div class=\"nd_options_section nd_options_position_relative \">\n\n        <img decoding=\"async\" style=\"top:10px\" alt=\"\" class=\"nd_options_position_absolute nd_options_left_0\" width=\"50\" src=\"https:\/\/cityresidence.sk\/wp-content\/uploads\/2017\/07\/icon-12.png\">\n\n        <div style=\"padding-left:70px\" class=\"nd_options_section nd_options_box_sizing_border_box\">\n            \n             \n            <p class=\"nd_options_second_font  \" style=\"margin:0px 0px 15px 0px;color:#878787;font-size:14px;line-height:24px\">Z\u013eava na ubytovan\u00ed<\/p> \n            \n\n        <\/div>\n\n    <\/div>\n\n  <div style=\"background-color:;height: 25px\" class=\"nicdark_section  \"><\/div>[\/vc_column][vc_column width=&#8221;1\/12&#8243;][\/vc_column][\/vc_row][vc_row full_width=&#8221;stretch_row&#8221; parallax=&#8221;content-moving&#8221; parallax_image=&#8221;1544&#8243; css=&#8221;.vc_custom_1596205626218{margin-top: 60px !important;padding-top: 100px !important;padding-bottom: 100px !important;}&#8221; el_class=&#8221;nd_options_vc_parallax_filter_2_2&#8243;][vc_column width=&#8221;8\/12&#8243;]\n\n\n    <div class=\"nd_options_section nd_options_position_relative \">\n        <img decoding=\"async\" alt=\"\" class=\"nd_options_position_absolute nd_options_left_0\" width=\"55\" src=\"\">\n        <div class=\"nd_options_section nd_options_padding_left_80 nd_options_box_sizing_border_box\">\n            <h1 class=\"nd_options_font_size_40 nd_options_line_height_50\" style=\"color:#ffffff\"><strong>We will be happy to introduce you to our premises and answer your questions.<\/strong><\/h1>\n        <\/div>\n    <\/div>\n\n\n  <div style=\"background-color:;height: 70px\" class=\"nicdark_section  \"><\/div>\n\t<div class=\"nd_options_section nd_options_text_align_center\">\n\t<a style=\"border: px solid;border-radius:px;letter-spacing:2px;line-height:11px;font-size:11px;background-color:#c19b76;padding:15px 35px;margin:;color:#ffffff\" rel=\"\" href=\"\/en\/contact\/\" class=\"nicdark_display_inline_block  nd_options_font_weight_bold nd_options_second_font  \">CONTACT US<\/a>\n\t<\/div>\n[\/vc_column][vc_column width=&#8221;4\/12&#8243;][\/vc_column][\/vc_row]<\/p>\n","protected":false},"excerpt":{"rendered":"<p>[vc_row][vc_column css=&#8221;.vc_custom_1467360650255{margin-top: 10px !important;margin-bottom: 10px !important;padding-top: 0px !important;padding-right: 40px !important;}&#8221;][vc_empty_space height=&#8221;20px&#8221;][vc_column_text el_class=&#8221;nd_options_text_align_center_responsive&#8221;] Celebration, wedding, family reunion, or reunion after years? Our team will make sure that you spend these festive moments without stress and worries. Share your ideas with us and we will take care of everything else.[\/vc_column_text][vc_empty_space height=&#8221;70px&#8221;][\/vc_column][\/vc_row][vc_row][vc_column width=&#8221;1\/4&#8243;][vc_single_image image=&#8221;1784&#8243; img_size=&#8221;full&#8221; alignment=&#8221;center&#8221; onclick=&#8221;custom_link&#8221; css_animation=&#8221;none&#8221; [&hellip;]<\/p>\n","protected":false},"author":1,"featured_media":0,"parent":0,"menu_order":0,"comment_status":"closed","ping_status":"closed","template":"","meta":{"footnotes":""},"class_list":["post-2088","page","type-page","status-publish","hentry"],"yoast_head":"<!-- This site is optimized with the Yoast SEO plugin v25.7 - https:\/\/yoast.com\/wordpress\/plugins\/seo\/ -->\n<title>Events - CITY RESIDENCE<\/title>\n<meta name=\"robots\" content=\"index, follow, max-snippet:-1, max-image-preview:large, max-video-preview:-1\" \/>\n<link rel=\"canonical\" href=\"https:\/\/cityresidence.sk\/en\/events\/\" \/>\n<meta property=\"og:locale\" content=\"en_US\" \/>\n<meta property=\"og:type\" content=\"article\" \/>\n<meta property=\"og:title\" content=\"Events - CITY RESIDENCE\" \/>\n<meta property=\"og:description\" content=\"[vc_row][vc_column css=&#8221;.vc_custom_1467360650255{margin-top: 10px !important;margin-bottom: 10px !important;padding-top: 0px !important;padding-right: 40px !important;}&#8221;][vc_empty_space height=&#8221;20px&#8221;][vc_column_text el_class=&#8221;nd_options_text_align_center_responsive&#8221;] Celebration, wedding, family reunion, or reunion after years? Our team will make sure that you spend these festive moments without stress and worries. Share your ideas with us and we will take care of everything else.[\/vc_column_text][vc_empty_space height=&#8221;70px&#8221;][\/vc_column][\/vc_row][vc_row][vc_column width=&#8221;1\/4&#8243;][vc_single_image image=&#8221;1784&#8243; img_size=&#8221;full&#8221; alignment=&#8221;center&#8221; onclick=&#8221;custom_link&#8221; css_animation=&#8221;none&#8221; [&hellip;]\" \/>\n<meta property=\"og:url\" content=\"https:\/\/cityresidence.sk\/en\/events\/\" \/>\n<meta property=\"og:site_name\" content=\"CITY RESIDENCE\" \/>\n<meta property=\"article:modified_time\" content=\"2020-09-17T07:16:17+00:00\" \/>\n<meta name=\"twitter:card\" content=\"summary_large_image\" \/>\n<meta name=\"twitter:label1\" content=\"Est. reading time\" \/>\n\t<meta name=\"twitter:data1\" content=\"11 minutes\" \/>\n<script type=\"application\/ld+json\" class=\"yoast-schema-graph\">{\"@context\":\"https:\/\/schema.org\",\"@graph\":[{\"@type\":\"WebPage\",\"@id\":\"https:\/\/cityresidence.sk\/en\/events\/\",\"url\":\"https:\/\/cityresidence.sk\/en\/events\/\",\"name\":\"Events - CITY RESIDENCE\",\"isPartOf\":{\"@id\":\"https:\/\/cityresidence.sk\/en\/#website\"},\"datePublished\":\"2020-08-24T18:26:32+00:00\",\"dateModified\":\"2020-09-17T07:16:17+00:00\",\"breadcrumb\":{\"@id\":\"https:\/\/cityresidence.sk\/en\/events\/#breadcrumb\"},\"inLanguage\":\"en-US\",\"potentialAction\":[{\"@type\":\"ReadAction\",\"target\":[\"https:\/\/cityresidence.sk\/en\/events\/\"]}]},{\"@type\":\"BreadcrumbList\",\"@id\":\"https:\/\/cityresidence.sk\/en\/events\/#breadcrumb\",\"itemListElement\":[{\"@type\":\"ListItem\",\"position\":1,\"name\":\"Domovsk\u00e1 str\u00e1nka\",\"item\":\"https:\/\/cityresidence.sk\/en\/\"},{\"@type\":\"ListItem\",\"position\":2,\"name\":\"Events\"}]},{\"@type\":\"WebSite\",\"@id\":\"https:\/\/cityresidence.sk\/en\/#website\",\"url\":\"https:\/\/cityresidence.sk\/en\/\",\"name\":\"CITY RESIDENCE\",\"description\":\"APARTMENT HOTEL KO\u0160ICE\",\"potentialAction\":[{\"@type\":\"SearchAction\",\"target\":{\"@type\":\"EntryPoint\",\"urlTemplate\":\"https:\/\/cityresidence.sk\/en\/?s={search_term_string}\"},\"query-input\":{\"@type\":\"PropertyValueSpecification\",\"valueRequired\":true,\"valueName\":\"search_term_string\"}}],\"inLanguage\":\"en-US\"}]}<\/script>\n<!-- \/ Yoast SEO plugin. -->","yoast_head_json":{"title":"Events - CITY RESIDENCE","robots":{"index":"index","follow":"follow","max-snippet":"max-snippet:-1","max-image-preview":"max-image-preview:large","max-video-preview":"max-video-preview:-1"},"canonical":"https:\/\/cityresidence.sk\/en\/events\/","og_locale":"en_US","og_type":"article","og_title":"Events - CITY RESIDENCE","og_description":"[vc_row][vc_column css=&#8221;.vc_custom_1467360650255{margin-top: 10px !important;margin-bottom: 10px !important;padding-top: 0px !important;padding-right: 40px !important;}&#8221;][vc_empty_space height=&#8221;20px&#8221;][vc_column_text el_class=&#8221;nd_options_text_align_center_responsive&#8221;] Celebration, wedding, family reunion, or reunion after years? Our team will make sure that you spend these festive moments without stress and worries. Share your ideas with us and we will take care of everything else.[\/vc_column_text][vc_empty_space height=&#8221;70px&#8221;][\/vc_column][\/vc_row][vc_row][vc_column width=&#8221;1\/4&#8243;][vc_single_image image=&#8221;1784&#8243; img_size=&#8221;full&#8221; alignment=&#8221;center&#8221; onclick=&#8221;custom_link&#8221; css_animation=&#8221;none&#8221; [&hellip;]","og_url":"https:\/\/cityresidence.sk\/en\/events\/","og_site_name":"CITY RESIDENCE","article_modified_time":"2020-09-17T07:16:17+00:00","twitter_card":"summary_large_image","twitter_misc":{"Est. reading time":"11 minutes"},"schema":{"@context":"https:\/\/schema.org","@graph":[{"@type":"WebPage","@id":"https:\/\/cityresidence.sk\/en\/events\/","url":"https:\/\/cityresidence.sk\/en\/events\/","name":"Events - CITY RESIDENCE","isPartOf":{"@id":"https:\/\/cityresidence.sk\/en\/#website"},"datePublished":"2020-08-24T18:26:32+00:00","dateModified":"2020-09-17T07:16:17+00:00","breadcrumb":{"@id":"https:\/\/cityresidence.sk\/en\/events\/#breadcrumb"},"inLanguage":"en-US","potentialAction":[{"@type":"ReadAction","target":["https:\/\/cityresidence.sk\/en\/events\/"]}]},{"@type":"BreadcrumbList","@id":"https:\/\/cityresidence.sk\/en\/events\/#breadcrumb","itemListElement":[{"@type":"ListItem","position":1,"name":"Domovsk\u00e1 str\u00e1nka","item":"https:\/\/cityresidence.sk\/en\/"},{"@type":"ListItem","position":2,"name":"Events"}]},{"@type":"WebSite","@id":"https:\/\/cityresidence.sk\/en\/#website","url":"https:\/\/cityresidence.sk\/en\/","name":"CITY RESIDENCE","description":"APARTMENT HOTEL KO\u0160ICE","potentialAction":[{"@type":"SearchAction","target":{"@type":"EntryPoint","urlTemplate":"https:\/\/cityresidence.sk\/en\/?s={search_term_string}"},"query-input":{"@type":"PropertyValueSpecification","valueRequired":true,"valueName":"search_term_string"}}],"inLanguage":"en-US"}]}},"_links":{"self":[{"href":"https:\/\/cityresidence.sk\/en\/wp-json\/wp\/v2\/pages\/2088","targetHints":{"allow":["GET"]}}],"collection":[{"href":"https:\/\/cityresidence.sk\/en\/wp-json\/wp\/v2\/pages"}],"about":[{"href":"https:\/\/cityresidence.sk\/en\/wp-json\/wp\/v2\/types\/page"}],"author":[{"embeddable":true,"href":"https:\/\/cityresidence.sk\/en\/wp-json\/wp\/v2\/users\/1"}],"replies":[{"embeddable":true,"href":"https:\/\/cityresidence.sk\/en\/wp-json\/wp\/v2\/comments?post=2088"}],"version-history":[{"count":8,"href":"https:\/\/cityresidence.sk\/en\/wp-json\/wp\/v2\/pages\/2088\/revisions"}],"predecessor-version":[{"id":2327,"href":"https:\/\/cityresidence.sk\/en\/wp-json\/wp\/v2\/pages\/2088\/revisions\/2327"}],"wp:attachment":[{"href":"https:\/\/cityresidence.sk\/en\/wp-json\/wp\/v2\/media?parent=2088"}],"curies":[{"name":"wp","href":"https:\/\/api.w.org\/{rel}","templated":true}]}}